{"id":64,"date":"2023-02-15T16:01:12","date_gmt":"2023-02-15T16:01:12","guid":{"rendered":"https:\/\/salazarlegal.com\/index.php\/humanitarian-visas\/"},"modified":"2026-01-13T08:11:39","modified_gmt":"2026-01-13T08:11:39","slug":"humanitarian-visas","status":"publish","type":"page","link":"https:\/\/salazarlegal.com\/es\/humanitarian-visas\/","title":{"rendered":"Visas \u200b\u200bhumanitarias"},"content":{"rendered":"<div data-elementor-type=\"wp-page\" data-elementor-id=\"64\" class=\"elementor elementor-64\" data-elementor-post-type=\"page\">\n\t\t\t\t\t\t<section class=\"elementor-section elementor-top-section elementor-element elementor-element-ed70d6a elementor-section-boxed elementor-section-height-default elementor-section-height-default\" data-id=\"ed70d6a\" data-element_type=\"section\" data-e-type=\"section\" data-settings=\"{&quot;background_background&quot;:&quot;classic&quot;,&quot;jet_parallax_layout_list&quot;:[]}\">\n\t\t\t\t\t\t\t<div class=\"elementor-background-overlay\"><\/div>\n\t\t\t\t\t\t\t<div class=\"elementor-container elementor-column-gap-no\">\n\t\t\t\t\t<div class=\"elementor-column elementor-col-100 elementor-top-column elementor-element elementor-element-fa2c07a\" data-id=\"fa2c07a\" data-element_type=\"column\" data-e-type=\"column\">\n\t\t\t<div class=\"elementor-widget-wrap elementor-element-populated\">\n\t\t\t\t\t\t<div class=\"elementor-element elementor-element-8ffe693 elementor-widget elementor-widget-heading\" data-id=\"8ffe693\" data-element_type=\"widget\" data-e-type=\"widget\" data-widget_type=\"heading.default\">\n\t\t\t\t<div class=\"elementor-widget-container\">\n\t\t\t\t\t<h2 class=\"elementor-heading-title elementor-size-default\">Visas \u200b\u200bhumanitarias<\/h2>\t\t\t\t<\/div>\n\t\t\t\t<\/div>\n\t\t\t\t\t<\/div>\n\t\t<\/div>\n\t\t\t\t\t<\/div>\n\t\t<\/section>\n\t\t\t\t<section class=\"elementor-section elementor-top-section elementor-element elementor-element-941d2a7 elementor-section-content-middle elementor-section-boxed elementor-section-height-default elementor-section-height-default\" data-id=\"941d2a7\" data-element_type=\"section\" data-e-type=\"section\" data-settings=\"{&quot;jet_parallax_layout_list&quot;:[]}\">\n\t\t\t\t\t\t<div class=\"elementor-container elementor-column-gap-wide\">\n\t\t\t\t\t<div class=\"elementor-column elementor-col-50 elementor-top-column elementor-element elementor-element-65c7a1a\" data-id=\"65c7a1a\" data-element_type=\"column\" data-e-type=\"column\">\n\t\t\t<div class=\"elementor-widget-wrap elementor-element-populated\">\n\t\t\t\t\t\t<div class=\"elementor-element elementor-element-40bd98c elementor-widget elementor-widget-heading\" data-id=\"40bd98c\" data-element_type=\"widget\" data-e-type=\"widget\" data-widget_type=\"heading.default\">\n\t\t\t\t<div class=\"elementor-widget-container\">\n\t\t\t\t\t<h5 class=\"elementor-heading-title elementor-size-default\">\u00bfSiente que su vida corre peligro dentro de su pa\u00eds?<\/h5>\t\t\t\t<\/div>\n\t\t\t\t<\/div>\n\t\t\t\t<div class=\"elementor-element elementor-element-a4c290a elementor-widget elementor-widget-text-editor\" data-id=\"a4c290a\" data-element_type=\"widget\" data-e-type=\"widget\" data-widget_type=\"text-editor.default\">\n\t\t\t\t<div class=\"elementor-widget-container\">\n\t\t\t\t\t\t\t\t\t<p>Debe saber que las leyes de inmigraci\u00f3n de los Estados Unidos protegen a los inmigrantes.<\/p><p>Si tiene un familiar, empleador o cualquier otra persona que haya cometido un delito en su contra, puede calificar para un tipo de visa humanitaria, la cual le permite permanecer en los Estados Unidos y obtener un estatus legal.<\/p>\t\t\t\t\t\t\t\t<\/div>\n\t\t\t\t<\/div>\n\t\t\t\t\t<\/div>\n\t\t<\/div>\n\t\t\t\t<div class=\"elementor-column elementor-col-50 elementor-top-column elementor-element elementor-element-278175c\" data-id=\"278175c\" data-element_type=\"column\" data-e-type=\"column\" data-settings=\"{&quot;background_background&quot;:&quot;classic&quot;}\">\n\t\t\t<div class=\"elementor-widget-wrap elementor-element-populated\">\n\t\t\t\t\t\t<div class=\"elementor-element elementor-element-a877fe5 elementor-widget elementor-widget-image\" data-id=\"a877fe5\" data-element_type=\"widget\" data-e-type=\"widget\" data-widget_type=\"image.default\">\n\t\t\t\t<div class=\"elementor-widget-container\">\n\t\t\t\t\t\t\t\t\t\t\t\t\t\t\t<img fetchpriority=\"high\" decoding=\"async\" width=\"800\" height=\"534\" src=\"https:\/\/salazarlegal.com\/wp-content\/uploads\/2023\/02\/Depositphotos_69283909_XL-1024x683.webp\" class=\"attachment-large size-large wp-image-678\" alt=\"Visa Sign in White on a Blue Color Background\" srcset=\"https:\/\/salazarlegal.com\/wp-content\/uploads\/2023\/02\/Depositphotos_69283909_XL-1024x683.webp 1024w, https:\/\/salazarlegal.com\/wp-content\/uploads\/2023\/02\/Depositphotos_69283909_XL-300x200.webp 300w, https:\/\/salazarlegal.com\/wp-content\/uploads\/2023\/02\/Depositphotos_69283909_XL-768x512.webp 768w, https:\/\/salazarlegal.com\/wp-content\/uploads\/2023\/02\/Depositphotos_69283909_XL-18x12.webp 18w, https:\/\/salazarlegal.com\/wp-content\/uploads\/2023\/02\/Depositphotos_69283909_XL.webp 1200w\" sizes=\"(max-width: 800px) 100vw, 800px\" \/>\t\t\t\t\t\t\t\t\t\t\t\t\t\t\t<\/div>\n\t\t\t\t<\/div>\n\t\t\t\t\t<\/div>\n\t\t<\/div>\n\t\t\t\t\t<\/div>\n\t\t<\/section>\n\t\t\t\t<section class=\"elementor-section elementor-top-section elementor-element elementor-element-7111306 elementor-section-content-middle elementor-section-boxed elementor-section-height-default elementor-section-height-default\" data-id=\"7111306\" data-element_type=\"section\" data-e-type=\"section\" data-settings=\"{&quot;background_background&quot;:&quot;classic&quot;,&quot;jet_parallax_layout_list&quot;:[]}\">\n\t\t\t\t\t\t<div class=\"elementor-container elementor-column-gap-wider\">\n\t\t\t\t\t<div class=\"elementor-column elementor-col-50 elementor-top-column elementor-element elementor-element-6ed643c\" data-id=\"6ed643c\" data-element_type=\"column\" data-e-type=\"column\" data-settings=\"{&quot;background_background&quot;:&quot;classic&quot;}\">\n\t\t\t<div class=\"elementor-widget-wrap elementor-element-populated\">\n\t\t\t\t\t\t<div class=\"elementor-element elementor-element-88c07f2 elementor-widget elementor-widget-image\" data-id=\"88c07f2\" data-element_type=\"widget\" data-e-type=\"widget\" data-widget_type=\"image.default\">\n\t\t\t\t<div class=\"elementor-widget-container\">\n\t\t\t\t\t\t\t\t\t\t\t\t\t\t\t<img decoding=\"async\" width=\"800\" height=\"1000\" src=\"https:\/\/salazarlegal.com\/wp-content\/uploads\/2023\/02\/Salazar_Law_Photoshoot-141-819x1024.webp\" class=\"attachment-large size-large wp-image-679\" alt=\"A Woman in a Blue Color Top With a Brown Color Jacket\" srcset=\"https:\/\/salazarlegal.com\/wp-content\/uploads\/2023\/02\/Salazar_Law_Photoshoot-141-819x1024.webp 819w, https:\/\/salazarlegal.com\/wp-content\/uploads\/2023\/02\/Salazar_Law_Photoshoot-141-240x300.webp 240w, https:\/\/salazarlegal.com\/wp-content\/uploads\/2023\/02\/Salazar_Law_Photoshoot-141-768x960.webp 768w, https:\/\/salazarlegal.com\/wp-content\/uploads\/2023\/02\/Salazar_Law_Photoshoot-141-10x12.webp 10w, https:\/\/salazarlegal.com\/wp-content\/uploads\/2023\/02\/Salazar_Law_Photoshoot-141.webp 1000w\" sizes=\"(max-width: 800px) 100vw, 800px\" \/>\t\t\t\t\t\t\t\t\t\t\t\t\t\t\t<\/div>\n\t\t\t\t<\/div>\n\t\t\t\t\t<\/div>\n\t\t<\/div>\n\t\t\t\t<div class=\"elementor-column elementor-col-50 elementor-top-column elementor-element elementor-element-182595f\" data-id=\"182595f\" data-element_type=\"column\" data-e-type=\"column\">\n\t\t\t<div class=\"elementor-widget-wrap elementor-element-populated\">\n\t\t\t\t\t\t<div class=\"elementor-element elementor-element-ea8b20f elementor-widget elementor-widget-heading\" data-id=\"ea8b20f\" data-element_type=\"widget\" data-e-type=\"widget\" data-widget_type=\"heading.default\">\n\t\t\t\t<div class=\"elementor-widget-container\">\n\t\t\t\t\t<h3 class=\"elementor-heading-title elementor-size-default\">\u00bfC\u00f3mo se solicita asilo en los Estados Unidos?<\/h3>\t\t\t\t<\/div>\n\t\t\t\t<\/div>\n\t\t\t\t<div class=\"elementor-element elementor-element-524ba94 elementor-widget elementor-widget-text-editor\" data-id=\"524ba94\" data-element_type=\"widget\" data-e-type=\"widget\" data-widget_type=\"text-editor.default\">\n\t\t\t\t<div class=\"elementor-widget-container\">\n\t\t\t\t\t\t\t\t\t<p>Los ciudadanos extranjeros pueden calificar para el estatus de asilo si temen ser perseguidos por:\u00a0<\/p><ul><li>Creencias pol\u00edticas<\/li><li>Religi\u00f3n<\/li><li>Nacionalidad<\/li><li>Raza<\/li><li>Pertenencia a un grupo social en particular<\/li><\/ul><p>El temor de persecuci\u00f3n de un solicitante de asilo debe ser objetiva y subjetivamente razonable, y la persecuci\u00f3n debe ser realizada por el propio gobierno o por un grupo de personas que el gobierno no puede o no quiere controlar.<\/p><p>Tambi\u00e9n existen visas para ni\u00f1os y j\u00f3venes, y v\u00edctimas de cr\u00edmenes que han colaborado con el gobierno en investigaciones.<\/p><p>Quienes buscan protecci\u00f3n a trav\u00e9s de la inmigraci\u00f3n humanitaria suelen ser personas cuya seguridad peligra si no se conceden sus peticiones.<\/p><p>Sin embargo, actualmente el sistema ha colapsado de tantas solicitudes de visas humanitarias.<\/p><p>Por eso es indispensable contar con el apoyo de un abogado de inmigraci\u00f3n, el cual le ayude a construir un caso s\u00f3lido que pueda presentar y justificar ante las autoridades.<\/p>\t\t\t\t\t\t\t\t<\/div>\n\t\t\t\t<\/div>\n\t\t\t\t<div class=\"elementor-element elementor-element-5ed4014 elementor-widget elementor-widget-text-editor\" data-id=\"5ed4014\" data-element_type=\"widget\" data-e-type=\"widget\" data-widget_type=\"text-editor.default\">\n\t\t\t\t<div class=\"elementor-widget-container\">\n\t\t\t\t\t<style>.elementor-element-5ed4014{display:none !important}<\/style>\t\t\t\t<\/div>\n\t\t\t\t<\/div>\n\t\t\t\t<div class=\"elementor-element elementor-element-d163278 elementor-position-left elementor-vertical-align-top elementor-widget elementor-widget-image-box\" data-id=\"d163278\" data-element_type=\"widget\" data-e-type=\"widget\" data-widget_type=\"image-box.default\">\n\t\t\t\t<div class=\"elementor-widget-container\">\n\t\t\t\t\t<style>.elementor-element-d163278{display:none !important}<\/style>\t\t\t\t<\/div>\n\t\t\t\t<\/div>\n\t\t\t\t<div class=\"elementor-element elementor-element-cc8771e elementor-position-left elementor-vertical-align-top elementor-widget elementor-widget-image-box\" data-id=\"cc8771e\" data-element_type=\"widget\" data-e-type=\"widget\" data-widget_type=\"image-box.default\">\n\t\t\t\t<div class=\"elementor-widget-container\">\n\t\t\t\t\t<style>.elementor-element-cc8771e{display:none !important}<\/style>\t\t\t\t<\/div>\n\t\t\t\t<\/div>\n\t\t\t\t<div class=\"elementor-element elementor-element-07c762b elementor-position-left elementor-vertical-align-top elementor-widget elementor-widget-image-box\" data-id=\"07c762b\" data-element_type=\"widget\" data-e-type=\"widget\" data-widget_type=\"image-box.default\">\n\t\t\t\t<div class=\"elementor-widget-container\">\n\t\t\t\t\t<style>.elementor-element-07c762b{display:none !important}<\/style>\t\t\t\t<\/div>\n\t\t\t\t<\/div>\n\t\t\t\t\t<\/div>\n\t\t<\/div>\n\t\t\t\t\t<\/div>\n\t\t<\/section>\n\t\t\t\t<section class=\"elementor-section elementor-top-section elementor-element elementor-element-05b4fb2 elementor-section-boxed elementor-section-height-default elementor-section-height-default\" data-id=\"05b4fb2\" data-element_type=\"section\" data-e-type=\"section\" data-settings=\"{&quot;background_background&quot;:&quot;classic&quot;,&quot;jet_parallax_layout_list&quot;:[]}\">\n\t\t\t\t\t\t\t<div class=\"elementor-background-overlay\"><\/div>\n\t\t\t\t\t\t\t<div class=\"elementor-container elementor-column-gap-default\">\n\t\t\t\t\t<div class=\"elementor-column elementor-col-100 elementor-top-column elementor-element elementor-element-93ace23\" data-id=\"93ace23\" data-element_type=\"column\" data-e-type=\"column\">\n\t\t\t<div class=\"elementor-widget-wrap elementor-element-populated\">\n\t\t\t\t\t\t<div class=\"elementor-element elementor-element-d4c5c1e elementor-widget elementor-widget-heading\" data-id=\"d4c5c1e\" data-element_type=\"widget\" data-e-type=\"widget\" data-widget_type=\"heading.default\">\n\t\t\t\t<div class=\"elementor-widget-container\">\n\t\t\t\t\t<h3 class=\"elementor-heading-title elementor-size-default\">OBTENGA AYUDA CON VISAS HUMANITARIAS\n<\/h3>\t\t\t\t<\/div>\n\t\t\t\t<\/div>\n\t\t\t\t<div class=\"elementor-element elementor-element-6741ac2 elementor-widget elementor-widget-text-editor\" data-id=\"6741ac2\" data-element_type=\"widget\" data-e-type=\"widget\" data-widget_type=\"text-editor.default\">\n\t\t\t\t<div class=\"elementor-widget-container\">\n\t\t\t\t\t\t\t\t\t<p>En Salazar Legal, sabemos lo dif\u00edciles que pueden ser las circunstancias extremas para su familia. Somos compasivos y podemos ayudarle a obtener una visa humanitaria.<\/p>\t\t\t\t\t\t\t\t<\/div>\n\t\t\t\t<\/div>\n\t\t\t\t<div class=\"elementor-element elementor-element-990f581 elementor-align-center elementor-widget elementor-widget-button\" data-id=\"990f581\" data-element_type=\"widget\" data-e-type=\"widget\" data-widget_type=\"button.default\">\n\t\t\t\t<div class=\"elementor-widget-container\">\n\t\t\t\t\t<style>.elementor-element-990f581{display:none !important}<\/style>\t\t\t\t<\/div>\n\t\t\t\t<\/div>\n\t\t\t\t<div class=\"elementor-element elementor-element-380d8be elementor-align-center elementor-widget elementor-widget-button\" data-id=\"380d8be\" data-element_type=\"widget\" data-e-type=\"widget\" data-widget_type=\"button.default\">\n\t\t\t\t<div class=\"elementor-widget-container\">\n\t\t\t\t\t\t\t\t\t<div class=\"elementor-button-wrapper\">\n\t\t\t\t\t<a class=\"elementor-button elementor-button-link elementor-size-sm\" href=\"#\">\n\t\t\t\t\t\t<span class=\"elementor-button-content-wrapper\">\n\t\t\t\t\t\t\t\t\t<span class=\"elementor-button-text\">CONT\u00c1CTENOS<\/span>\n\t\t\t\t\t<\/span>\n\t\t\t\t\t<\/a>\n\t\t\t\t<\/div>\n\t\t\t\t\t\t\t\t<\/div>\n\t\t\t\t<\/div>\n\t\t\t\t\t<\/div>\n\t\t<\/div>\n\t\t\t\t\t<\/div>\n\t\t<\/section>\n\t\t\t\t<\/div>","protected":false},"excerpt":{"rendered":"<p>Humanitarian visas Are you living outside the United States and battling extreme or dangerous circumstances? If so, you may qualify for relief in the U.S. via a humanitarian visa. A humanitarian visa allows individuals to reside in the U.S. on a temporary basis to escape from threats like trafficking, abuse, or retaliation. In order to [&hellip;]<\/p>\n","protected":false},"author":1,"featured_media":0,"parent":0,"menu_order":6,"comment_status":"closed","ping_status":"closed","template":"","meta":{"footnotes":""},"class_list":["post-64","page","type-page","status-publish","hentry"],"yoast_head":"<!-- This site is optimized with the Yoast SEO plugin v27.4 - https:\/\/yoast.com\/product\/yoast-seo-wordpress\/ -->\n<title>Humanitarian visas | Relief Options by Salazar Legal<\/title>\n<meta name=\"description\" content=\"Discover how Salazar Legal helps with Humanitarian Visa Process. Secure relief and safety for your family today.\" \/>\n<meta name=\"robots\" content=\"index, follow, max-snippet:-1, max-image-preview:large, max-video-preview:-1\" \/>\n<link rel=\"canonical\" href=\"https:\/\/salazarlegal.com\/es\/humanitarian-visas\/\" \/>\n<meta property=\"og:locale\" content=\"es_ES\" \/>\n<meta property=\"og:type\" content=\"article\" \/>\n<meta property=\"og:title\" content=\"Humanitarian visas | Relief Options by Salazar Legal\" \/>\n<meta property=\"og:description\" content=\"Discover how Salazar Legal helps with Humanitarian Visa Process. Secure relief and safety for your family today.\" \/>\n<meta property=\"og:url\" content=\"https:\/\/salazarlegal.com\/es\/humanitarian-visas\/\" \/>\n<meta property=\"og:site_name\" content=\"Salazar Legal\" \/>\n<meta property=\"article:modified_time\" content=\"2026-01-13T08:11:39+00:00\" \/>\n<meta property=\"og:image\" content=\"https:\/\/salazarlegal.com\/wp-content\/uploads\/2023\/02\/Depositphotos_69283909_XL.webp\" \/>\n\t<meta property=\"og:image:width\" content=\"1200\" \/>\n\t<meta property=\"og:image:height\" content=\"800\" \/>\n\t<meta property=\"og:image:type\" content=\"image\/webp\" \/>\n<meta name=\"twitter:card\" content=\"summary_large_image\" \/>\n<meta name=\"twitter:label1\" content=\"Tiempo de lectura\" \/>\n\t<meta name=\"twitter:data1\" content=\"3 minutos\" \/>\n<script type=\"application\/ld+json\" class=\"yoast-schema-graph\">{\"@context\":\"https:\\\/\\\/schema.org\",\"@graph\":[{\"@type\":\"WebPage\",\"@id\":\"https:\\\/\\\/salazarlegal.com\\\/humanitarian-visas\\\/\",\"url\":\"https:\\\/\\\/salazarlegal.com\\\/humanitarian-visas\\\/\",\"name\":\"Humanitarian visas | Relief Options by Salazar Legal\",\"isPartOf\":{\"@id\":\"https:\\\/\\\/www.salazarlegal.com\\\/#website\"},\"primaryImageOfPage\":{\"@id\":\"https:\\\/\\\/salazarlegal.com\\\/humanitarian-visas\\\/#primaryimage\"},\"image\":{\"@id\":\"https:\\\/\\\/salazarlegal.com\\\/humanitarian-visas\\\/#primaryimage\"},\"thumbnailUrl\":\"https:\\\/\\\/salazarlegal.com\\\/wp-content\\\/uploads\\\/2023\\\/02\\\/Depositphotos_69283909_XL-1024x683.webp\",\"datePublished\":\"2023-02-15T16:01:12+00:00\",\"dateModified\":\"2026-01-13T08:11:39+00:00\",\"description\":\"Discover how Salazar Legal helps with Humanitarian Visa Process. Secure relief and safety for your family today.\",\"breadcrumb\":{\"@id\":\"https:\\\/\\\/salazarlegal.com\\\/humanitarian-visas\\\/#breadcrumb\"},\"inLanguage\":\"es\",\"potentialAction\":[{\"@type\":\"ReadAction\",\"target\":[\"https:\\\/\\\/salazarlegal.com\\\/humanitarian-visas\\\/\"]}]},{\"@type\":\"ImageObject\",\"inLanguage\":\"es\",\"@id\":\"https:\\\/\\\/salazarlegal.com\\\/humanitarian-visas\\\/#primaryimage\",\"url\":\"https:\\\/\\\/salazarlegal.com\\\/wp-content\\\/uploads\\\/2023\\\/02\\\/Depositphotos_69283909_XL-1024x683.webp\",\"contentUrl\":\"https:\\\/\\\/salazarlegal.com\\\/wp-content\\\/uploads\\\/2023\\\/02\\\/Depositphotos_69283909_XL-1024x683.webp\"},{\"@type\":\"BreadcrumbList\",\"@id\":\"https:\\\/\\\/salazarlegal.com\\\/humanitarian-visas\\\/#breadcrumb\",\"itemListElement\":[{\"@type\":\"ListItem\",\"position\":1,\"name\":\"Home\",\"item\":\"https:\\\/\\\/salazarlegal.com\\\/\"},{\"@type\":\"ListItem\",\"position\":2,\"name\":\"Humanitarian visas\"}]},{\"@type\":\"WebSite\",\"@id\":\"https:\\\/\\\/www.salazarlegal.com\\\/#website\",\"url\":\"https:\\\/\\\/www.salazarlegal.com\\\/\",\"name\":\"Salazar Legal\",\"description\":\"\",\"publisher\":{\"@id\":\"https:\\\/\\\/www.salazarlegal.com\\\/#organization\"},\"potentialAction\":[{\"@type\":\"SearchAction\",\"target\":{\"@type\":\"EntryPoint\",\"urlTemplate\":\"https:\\\/\\\/www.salazarlegal.com\\\/?s={search_term_string}\"},\"query-input\":{\"@type\":\"PropertyValueSpecification\",\"valueRequired\":true,\"valueName\":\"search_term_string\"}}],\"inLanguage\":\"es\"},{\"@type\":\"Organization\",\"@id\":\"https:\\\/\\\/www.salazarlegal.com\\\/#organization\",\"name\":\"Salazar Legal\",\"url\":\"https:\\\/\\\/www.salazarlegal.com\\\/\",\"logo\":{\"@type\":\"ImageObject\",\"inLanguage\":\"es\",\"@id\":\"https:\\\/\\\/www.salazarlegal.com\\\/#\\\/schema\\\/logo\\\/image\\\/\",\"url\":\"https:\\\/\\\/salazarlegal.com\\\/wp-content\\\/uploads\\\/2023\\\/02\\\/logo-salazar@3x-8.png\",\"contentUrl\":\"https:\\\/\\\/salazarlegal.com\\\/wp-content\\\/uploads\\\/2023\\\/02\\\/logo-salazar@3x-8.png\",\"width\":2042,\"height\":988,\"caption\":\"Salazar Legal\"},\"image\":{\"@id\":\"https:\\\/\\\/www.salazarlegal.com\\\/#\\\/schema\\\/logo\\\/image\\\/\"}}]}<\/script>\n<!-- \/ Yoast SEO plugin. -->","yoast_head_json":{"title":"Humanitarian visas | Relief Options by Salazar Legal","description":"Discover how Salazar Legal helps with Humanitarian Visa Process. Secure relief and safety for your family today.","robots":{"index":"index","follow":"follow","max-snippet":"max-snippet:-1","max-image-preview":"max-image-preview:large","max-video-preview":"max-video-preview:-1"},"canonical":"https:\/\/salazarlegal.com\/es\/humanitarian-visas\/","og_locale":"es_ES","og_type":"article","og_title":"Humanitarian visas | Relief Options by Salazar Legal","og_description":"Discover how Salazar Legal helps with Humanitarian Visa Process. Secure relief and safety for your family today.","og_url":"https:\/\/salazarlegal.com\/es\/humanitarian-visas\/","og_site_name":"Salazar Legal","article_modified_time":"2026-01-13T08:11:39+00:00","og_image":[{"width":1200,"height":800,"url":"https:\/\/salazarlegal.com\/wp-content\/uploads\/2023\/02\/Depositphotos_69283909_XL.webp","type":"image\/webp"}],"twitter_card":"summary_large_image","twitter_misc":{"Tiempo de lectura":"3 minutos"},"schema":{"@context":"https:\/\/schema.org","@graph":[{"@type":"WebPage","@id":"https:\/\/salazarlegal.com\/humanitarian-visas\/","url":"https:\/\/salazarlegal.com\/humanitarian-visas\/","name":"Humanitarian visas | Relief Options by Salazar Legal","isPartOf":{"@id":"https:\/\/www.salazarlegal.com\/#website"},"primaryImageOfPage":{"@id":"https:\/\/salazarlegal.com\/humanitarian-visas\/#primaryimage"},"image":{"@id":"https:\/\/salazarlegal.com\/humanitarian-visas\/#primaryimage"},"thumbnailUrl":"https:\/\/salazarlegal.com\/wp-content\/uploads\/2023\/02\/Depositphotos_69283909_XL-1024x683.webp","datePublished":"2023-02-15T16:01:12+00:00","dateModified":"2026-01-13T08:11:39+00:00","description":"Discover how Salazar Legal helps with Humanitarian Visa Process. Secure relief and safety for your family today.","breadcrumb":{"@id":"https:\/\/salazarlegal.com\/humanitarian-visas\/#breadcrumb"},"inLanguage":"es","potentialAction":[{"@type":"ReadAction","target":["https:\/\/salazarlegal.com\/humanitarian-visas\/"]}]},{"@type":"ImageObject","inLanguage":"es","@id":"https:\/\/salazarlegal.com\/humanitarian-visas\/#primaryimage","url":"https:\/\/salazarlegal.com\/wp-content\/uploads\/2023\/02\/Depositphotos_69283909_XL-1024x683.webp","contentUrl":"https:\/\/salazarlegal.com\/wp-content\/uploads\/2023\/02\/Depositphotos_69283909_XL-1024x683.webp"},{"@type":"BreadcrumbList","@id":"https:\/\/salazarlegal.com\/humanitarian-visas\/#breadcrumb","itemListElement":[{"@type":"ListItem","position":1,"name":"Home","item":"https:\/\/salazarlegal.com\/"},{"@type":"ListItem","position":2,"name":"Humanitarian visas"}]},{"@type":"WebSite","@id":"https:\/\/www.salazarlegal.com\/#website","url":"https:\/\/www.salazarlegal.com\/","name":"Salazar Legal","description":"","publisher":{"@id":"https:\/\/www.salazarlegal.com\/#organization"},"potentialAction":[{"@type":"SearchAction","target":{"@type":"EntryPoint","urlTemplate":"https:\/\/www.salazarlegal.com\/?s={search_term_string}"},"query-input":{"@type":"PropertyValueSpecification","valueRequired":true,"valueName":"search_term_string"}}],"inLanguage":"es"},{"@type":"Organization","@id":"https:\/\/www.salazarlegal.com\/#organization","name":"Salazar Legal","url":"https:\/\/www.salazarlegal.com\/","logo":{"@type":"ImageObject","inLanguage":"es","@id":"https:\/\/www.salazarlegal.com\/#\/schema\/logo\/image\/","url":"https:\/\/salazarlegal.com\/wp-content\/uploads\/2023\/02\/logo-salazar@3x-8.png","contentUrl":"https:\/\/salazarlegal.com\/wp-content\/uploads\/2023\/02\/logo-salazar@3x-8.png","width":2042,"height":988,"caption":"Salazar Legal"},"image":{"@id":"https:\/\/www.salazarlegal.com\/#\/schema\/logo\/image\/"}}]}},"_links":{"self":[{"href":"https:\/\/salazarlegal.com\/es\/wp-json\/wp\/v2\/pages\/64","targetHints":{"allow":["GET"]}}],"collection":[{"href":"https:\/\/salazarlegal.com\/es\/wp-json\/wp\/v2\/pages"}],"about":[{"href":"https:\/\/salazarlegal.com\/es\/wp-json\/wp\/v2\/types\/page"}],"author":[{"embeddable":true,"href":"https:\/\/salazarlegal.com\/es\/wp-json\/wp\/v2\/users\/1"}],"replies":[{"embeddable":true,"href":"https:\/\/salazarlegal.com\/es\/wp-json\/wp\/v2\/comments?post=64"}],"version-history":[{"count":66,"href":"https:\/\/salazarlegal.com\/es\/wp-json\/wp\/v2\/pages\/64\/revisions"}],"predecessor-version":[{"id":1119,"href":"https:\/\/salazarlegal.com\/es\/wp-json\/wp\/v2\/pages\/64\/revisions\/1119"}],"wp:attachment":[{"href":"https:\/\/salazarlegal.com\/es\/wp-json\/wp\/v2\/media?parent=64"}],"curies":[{"name":"wp","href":"https:\/\/api.w.org\/{rel}","templated":true}]}}